{"id":327,"date":"2017-02-25T22:19:30","date_gmt":"2017-02-25T22:19:30","guid":{"rendered":"http:\/\/dmyelektronik.com\/?page_id=327\/"},"modified":"2023-05-16T09:34:58","modified_gmt":"2023-05-16T06:34:58","slug":"dmy-international-investment","status":"publish","type":"page","link":"https:\/\/dmyelektronik.com\/en\/affiliates-and-subsidiaries\/dmy-international-investment\/","title":{"rendered":"DMY International Investment"},"content":{"rendered":"\n<style type=\"text\/css\" data-created_by=\"avia_inline_auto\" id=\"style-css-av-av_one_full-3af2931671e1cf4f0ab47640946f8adb\">\n.flex_column.av-av_one_full-3af2931671e1cf4f0ab47640946f8adb{\nborder-radius:0px 0px 0px 0px;\npadding:0px 0px 0px 0px;\n}\n<\/style>\n<div  class='flex_column av-av_one_full-3af2931671e1cf4f0ab47640946f8adb av_one_full  avia-builder-el-0  el_before_av_one_third  avia-builder-el-first  first flex_column_div av-animated-generic pop-up av-zero-column-padding  '     ><style type=\"text\/css\" data-created_by=\"avia_inline_auto\" id=\"style-css-av-av_heading-be4cc6b723d576cbe28f925b22dba5a1\">\n#top .av-special-heading.av-av_heading-be4cc6b723d576cbe28f925b22dba5a1{\npadding-bottom:10px;\n}\nbody .av-special-heading.av-av_heading-be4cc6b723d576cbe28f925b22dba5a1 .av-special-heading-tag .heading-char{\nfont-size:25px;\n}\n.av-special-heading.av-av_heading-be4cc6b723d576cbe28f925b22dba5a1 .av-subheading{\nfont-size:15px;\n}\n<\/style>\n<div  class='av-special-heading av-av_heading-be4cc6b723d576cbe28f925b22dba5a1 av-special-heading-h1 blockquote modern-quote  avia-builder-el-1  avia-builder-el-no-sibling '><h1 class='av-special-heading-tag '  itemprop=\"headline\"  >DMY International Investment<\/h1><div class='av-subheading av-subheading_below'><p>DMY Uluslararas\u0131 Teknolojik Yat\u0131r\u0131m A.\u015e.<\/p>\n<\/div><div class=\"special-heading-border\"><div class=\"special-heading-inner-border\"><\/div><\/div><\/div><\/div>\n\n<style type=\"text\/css\" data-created_by=\"avia_inline_auto\" id=\"style-css-av-av_one_third-0f2d62f1c5886a76c0e6aba35ba8b1e4\">\n.flex_column.av-av_one_third-0f2d62f1c5886a76c0e6aba35ba8b1e4{\nborder-radius:0px 0px 0px 0px;\npadding:0px 0px 0px 0px;\n}\n<\/style>\n<div  class='flex_column av-av_one_third-0f2d62f1c5886a76c0e6aba35ba8b1e4 av_one_third  avia-builder-el-2  el_after_av_one_full  el_before_av_two_third  first flex_column_div av-animated-generic left-to-right av-zero-column-padding  column-top-margin'     ><style type=\"text\/css\" data-created_by=\"avia_inline_auto\" id=\"style-css-av-av_image-c7f420fece00be72dc9d8073eafd13f4\">\n.avia-image-container.av-av_image-c7f420fece00be72dc9d8073eafd13f4 img.avia_image{\nbox-shadow:none;\n}\n.avia-image-container.av-av_image-c7f420fece00be72dc9d8073eafd13f4 .av-image-caption-overlay-center{\ncolor:#ffffff;\n}\n<\/style>\n<div  class='avia-image-container av-av_image-c7f420fece00be72dc9d8073eafd13f4 av-styling- avia-align-center  avia-builder-el-3  avia-builder-el-no-sibling  golgeli'   itemprop=\"image\" itemscope=\"itemscope\" itemtype=\"https:\/\/schema.org\/ImageObject\" ><div class=\"avia-image-container-inner\"><div class=\"avia-image-overlay-wrap\"><img decoding=\"async\" fetchpriority=\"high\" class='wp-image-840 avia-img-lazy-loading-not-840 avia_image ' src=\"https:\/\/dmyelektronik.com\/wp-content\/uploads\/2017\/02\/dmy-uluslararasi-logo-kare.png\" alt='DMY Uluslararas\u0131 Yat\u0131r\u0131mlar logo' title=''  height=\"210\" width=\"210\"  itemprop=\"thumbnailUrl\" srcset=\"https:\/\/dmyelektronik.com\/wp-content\/uploads\/2017\/02\/dmy-uluslararasi-logo-kare.png 210w, https:\/\/dmyelektronik.com\/wp-content\/uploads\/2017\/02\/dmy-uluslararasi-logo-kare-80x80.png 80w, https:\/\/dmyelektronik.com\/wp-content\/uploads\/2017\/02\/dmy-uluslararasi-logo-kare-36x36.png 36w, https:\/\/dmyelektronik.com\/wp-content\/uploads\/2017\/02\/dmy-uluslararasi-logo-kare-180x180.png 180w, https:\/\/dmyelektronik.com\/wp-content\/uploads\/2017\/02\/dmy-uluslararasi-logo-kare-120x120.png 120w\" sizes=\"(max-width: 210px) 100vw, 210px\" \/><\/div><\/div><\/div><\/div>\n\n<style type=\"text\/css\" data-created_by=\"avia_inline_auto\" id=\"style-css-av-av_two_third-acc1b98095720469ead3d27edac9e980\">\n.flex_column.av-av_two_third-acc1b98095720469ead3d27edac9e980{\nborder-radius:0px 0px 0px 0px;\npadding:0px 0px 0px 0px;\n}\n<\/style>\n<div  class='flex_column av-av_two_third-acc1b98095720469ead3d27edac9e980 av_two_third  avia-builder-el-4  el_after_av_one_third  avia-builder-el-last  flex_column_div av-animated-generic right-to-left av-zero-column-padding  column-top-margin'     ><style type=\"text\/css\" data-created_by=\"avia_inline_auto\" id=\"style-css-av-lhpwfyru-70173f0fb112cf5f6a4628315e90e9b7\">\n#top .av_textblock_section.av-lhpwfyru-70173f0fb112cf5f6a4628315e90e9b7 .avia_textblock{\nfont-size:18px;\n}\n<\/style>\n<section  class='av_textblock_section av-lhpwfyru-70173f0fb112cf5f6a4628315e90e9b7 '   itemscope=\"itemscope\" itemtype=\"https:\/\/schema.org\/CreativeWork\" ><div class='avia_textblock'  itemprop=\"text\" ><p><span style=\"font-weight: 400;\">DMY Uluslararas\u0131 Teknolojik Yat\u0131r\u0131m A.\u015e. was founded to make investments both domestically and abroad in the technology and electronics industries.<\/span><\/p>\n<p><span style=\"font-weight: 400;\">DMY Uluslararas\u0131 Teknolojik Yat\u0131r\u0131m A.\u015e. \u00a0was founded to make investments both domestically and abroad in the technology and electronics industries.<\/span><\/p>\n<ul>\n<li><span style=\"font-weight: 400;\">Dongguan Zhaoxilan Electronic Technology Co. Ltd. \/\/ Dongguan \/ China; Subsidiary (40%) \u00a0\u2014 SATOZ<\/span><\/li>\n<li><span style=\"font-weight: 400;\">Shenzhen DMY Electronics Trading and Consulting Ltd. \/\/ Shenzhen \/ China; Partnership (100%)<\/span><\/li>\n<li><span style=\"font-weight: 400;\">Proxima Electronics HK Limited \/\/ Hong Kong \/ China; Partnership (100%)<\/span><\/li>\n<li><span style=\"font-weight: 400;\">DMY Group of Companies AFRICA \/\/ Hargeisa \/ Somaliland; Subsidiary (60%) \u2014 DMY Africa<\/span><\/li>\n<\/ul>\n<\/div><\/section><\/div>\n","protected":false},"excerpt":{"rendered":"","protected":false},"author":1,"featured_media":108,"parent":343,"menu_order":0,"comment_status":"closed","ping_status":"closed","template":"","meta":{"footnotes":""},"class_list":["post-327","page","type-page","status-publish","has-post-thumbnail","hentry"],"_links":{"self":[{"href":"https:\/\/dmyelektronik.com\/en\/wp-json\/wp\/v2\/pages\/327"}],"collection":[{"href":"https:\/\/dmyelektronik.com\/en\/wp-json\/wp\/v2\/pages"}],"about":[{"href":"https:\/\/dmyelektronik.com\/en\/wp-json\/wp\/v2\/types\/page"}],"author":[{"embeddable":true,"href":"https:\/\/dmyelektronik.com\/en\/wp-json\/wp\/v2\/users\/1"}],"replies":[{"embeddable":true,"href":"https:\/\/dmyelektronik.com\/en\/wp-json\/wp\/v2\/comments?post=327"}],"version-history":[{"count":3,"href":"https:\/\/dmyelektronik.com\/en\/wp-json\/wp\/v2\/pages\/327\/revisions"}],"predecessor-version":[{"id":1921,"href":"https:\/\/dmyelektronik.com\/en\/wp-json\/wp\/v2\/pages\/327\/revisions\/1921"}],"up":[{"embeddable":true,"href":"https:\/\/dmyelektronik.com\/en\/wp-json\/wp\/v2\/pages\/343"}],"wp:featuredmedia":[{"embeddable":true,"href":"https:\/\/dmyelektronik.com\/en\/wp-json\/wp\/v2\/media\/108"}],"wp:attachment":[{"href":"https:\/\/dmyelektronik.com\/en\/wp-json\/wp\/v2\/media?parent=327"}],"curies":[{"name":"wp","href":"https:\/\/api.w.org\/{rel}","templated":true}]}}