{"id":319,"date":"2017-02-25T22:16:47","date_gmt":"2017-02-25T22:16:47","guid":{"rendered":"http:\/\/dmyelektronik.com\/?page_id=319\/"},"modified":"2017-02-25T22:16:47","modified_gmt":"2017-02-25T22:16:47","slug":"mavi-solar","status":"publish","type":"page","link":"https:\/\/dmyelektronik.com\/en\/affiliates-and-subsidiaries\/mavi-solar\/","title":{"rendered":"Mavi Solar"},"content":{"rendered":"\n<style type=\"text\/css\" data-created_by=\"avia_inline_auto\" id=\"style-css-av-av_one_full-3af2931671e1cf4f0ab47640946f8adb\">\n.flex_column.av-av_one_full-3af2931671e1cf4f0ab47640946f8adb{\nborder-radius:0px 0px 0px 0px;\npadding:0px 0px 0px 0px;\n}\n<\/style>\n<div  class='flex_column av-av_one_full-3af2931671e1cf4f0ab47640946f8adb av_one_full  avia-builder-el-0  el_before_av_one_third  avia-builder-el-first  first flex_column_div av-animated-generic pop-up av-zero-column-padding  '     ><style type=\"text\/css\" data-created_by=\"avia_inline_auto\" id=\"style-css-av-av_heading-a41e4d893c1fc0fce1eebe226c5d4abe\">\n#top .av-special-heading.av-av_heading-a41e4d893c1fc0fce1eebe226c5d4abe{\npadding-bottom:10px;\n}\nbody .av-special-heading.av-av_heading-a41e4d893c1fc0fce1eebe226c5d4abe .av-special-heading-tag .heading-char{\nfont-size:25px;\n}\n.av-special-heading.av-av_heading-a41e4d893c1fc0fce1eebe226c5d4abe .av-subheading{\nfont-size:15px;\n}\n<\/style>\n<div  class='av-special-heading av-av_heading-a41e4d893c1fc0fce1eebe226c5d4abe av-special-heading-h1 blockquote modern-quote  avia-builder-el-1  avia-builder-el-no-sibling '><h1 class='av-special-heading-tag '  itemprop=\"headline\"  >Mavi Solar<\/h1><div class='av-subheading av-subheading_below'><p>Mavisis Teknoloji ve Enerji Sanayi ve Ticaret A.\u015e.<\/p>\n<\/div><div class=\"special-heading-border\"><div class=\"special-heading-inner-border\"><\/div><\/div><\/div><\/div>\n\n<style type=\"text\/css\" data-created_by=\"avia_inline_auto\" id=\"style-css-av-av_one_third-0f2d62f1c5886a76c0e6aba35ba8b1e4\">\n.flex_column.av-av_one_third-0f2d62f1c5886a76c0e6aba35ba8b1e4{\nborder-radius:0px 0px 0px 0px;\npadding:0px 0px 0px 0px;\n}\n<\/style>\n<div  class='flex_column av-av_one_third-0f2d62f1c5886a76c0e6aba35ba8b1e4 av_one_third  avia-builder-el-2  el_after_av_one_full  el_before_av_two_third  first flex_column_div av-animated-generic left-to-right av-zero-column-padding  column-top-margin'     ><style type=\"text\/css\" data-created_by=\"avia_inline_auto\" id=\"style-css-av-av_image-2bbb70370e32e3a124087fc2a83af95a\">\n.avia-image-container.av-av_image-2bbb70370e32e3a124087fc2a83af95a img.avia_image{\nbox-shadow:none;\n}\n.avia-image-container.av-av_image-2bbb70370e32e3a124087fc2a83af95a .av-image-caption-overlay-center{\ncolor:#ffffff;\n}\n<\/style>\n<div  class='avia-image-container av-av_image-2bbb70370e32e3a124087fc2a83af95a av-styling- avia-align-center  avia-builder-el-3  avia-builder-el-no-sibling  golgeli'   itemprop=\"image\" itemscope=\"itemscope\" itemtype=\"https:\/\/schema.org\/ImageObject\" ><div class=\"avia-image-container-inner\"><div class=\"avia-image-overlay-wrap\"><img decoding=\"async\" fetchpriority=\"high\" class='wp-image-844 avia-img-lazy-loading-not-844 avia_image ' src=\"https:\/\/dmyelektronik.com\/wp-content\/uploads\/2017\/02\/mavisolar-logo-kare.png\" alt='' title=''  height=\"210\" width=\"210\"  itemprop=\"thumbnailUrl\" srcset=\"https:\/\/dmyelektronik.com\/wp-content\/uploads\/2017\/02\/mavisolar-logo-kare.png 210w, https:\/\/dmyelektronik.com\/wp-content\/uploads\/2017\/02\/mavisolar-logo-kare-80x80.png 80w, https:\/\/dmyelektronik.com\/wp-content\/uploads\/2017\/02\/mavisolar-logo-kare-36x36.png 36w, https:\/\/dmyelektronik.com\/wp-content\/uploads\/2017\/02\/mavisolar-logo-kare-180x180.png 180w, https:\/\/dmyelektronik.com\/wp-content\/uploads\/2017\/02\/mavisolar-logo-kare-120x120.png 120w\" sizes=\"(max-width: 210px) 100vw, 210px\" \/><\/div><\/div><\/div><\/div>\n\n<style type=\"text\/css\" data-created_by=\"avia_inline_auto\" id=\"style-css-av-av_two_third-acc1b98095720469ead3d27edac9e980\">\n.flex_column.av-av_two_third-acc1b98095720469ead3d27edac9e980{\nborder-radius:0px 0px 0px 0px;\npadding:0px 0px 0px 0px;\n}\n<\/style>\n<div  class='flex_column av-av_two_third-acc1b98095720469ead3d27edac9e980 av_two_third  avia-builder-el-4  el_after_av_one_third  avia-builder-el-last  flex_column_div av-animated-generic right-to-left av-zero-column-padding  column-top-margin'     ><style type=\"text\/css\" data-created_by=\"avia_inline_auto\" id=\"style-css-av-av_textblock-7427aeceaf478a3655b596656d085b1a\">\n#top .av_textblock_section.av-av_textblock-7427aeceaf478a3655b596656d085b1a .avia_textblock{\nfont-size:18px;\n}\n<\/style>\n<section  class='av_textblock_section av-av_textblock-7427aeceaf478a3655b596656d085b1a '   itemscope=\"itemscope\" itemtype=\"https:\/\/schema.org\/CreativeWork\" ><div class='avia_textblock'  itemprop=\"text\" ><p>Mavisolar is the first %100 local inverter designer &amp; manufacturer in Turkey, with \u00a0continuous R &amp; D on renewable energy and power electronics. ((T\u00dcV-RW certified, TEDA\u015e approved and certified domestic product)<\/p>\n<p>Mavisolar is awarded for \u201cInnovation &amp; Creativity\u201d and \u201cTechnology\u201d 3 times in a row, by TES\u0130D, T\u00dcB\u0130TAK, T\u00dcS\u0130AD, and TTGV.<\/p>\n<p>Modular GES (MODGES) \u2013 a specialized product manufactured by Mavisolar \u2013 \u00a0on-grid and off-grid inverters, solar panels are among the products that the company offers, to serve the progress in the solar industry.<\/p>\n<p><a href=\"http:\/\/www.mavisolar.com\">www.mavisolar.com<\/a><\/p>\n<\/div><\/section><\/div>\n","protected":false},"excerpt":{"rendered":"","protected":false},"author":1,"featured_media":112,"parent":343,"menu_order":0,"comment_status":"closed","ping_status":"closed","template":"","meta":{"footnotes":""},"class_list":["post-319","page","type-page","status-publish","has-post-thumbnail","hentry"],"_links":{"self":[{"href":"https:\/\/dmyelektronik.com\/en\/wp-json\/wp\/v2\/pages\/319"}],"collection":[{"href":"https:\/\/dmyelektronik.com\/en\/wp-json\/wp\/v2\/pages"}],"about":[{"href":"https:\/\/dmyelektronik.com\/en\/wp-json\/wp\/v2\/types\/page"}],"author":[{"embeddable":true,"href":"https:\/\/dmyelektronik.com\/en\/wp-json\/wp\/v2\/users\/1"}],"replies":[{"embeddable":true,"href":"https:\/\/dmyelektronik.com\/en\/wp-json\/wp\/v2\/comments?post=319"}],"version-history":[{"count":1,"href":"https:\/\/dmyelektronik.com\/en\/wp-json\/wp\/v2\/pages\/319\/revisions"}],"predecessor-version":[{"id":320,"href":"https:\/\/dmyelektronik.com\/en\/wp-json\/wp\/v2\/pages\/319\/revisions\/320"}],"up":[{"embeddable":true,"href":"https:\/\/dmyelektronik.com\/en\/wp-json\/wp\/v2\/pages\/343"}],"wp:featuredmedia":[{"embeddable":true,"href":"https:\/\/dmyelektronik.com\/en\/wp-json\/wp\/v2\/media\/112"}],"wp:attachment":[{"href":"https:\/\/dmyelektronik.com\/en\/wp-json\/wp\/v2\/media?parent=319"}],"curies":[{"name":"wp","href":"https:\/\/api.w.org\/{rel}","templated":true}]}}