{"id":279,"date":"2017-02-25T21:56:11","date_gmt":"2017-02-25T21:56:11","guid":{"rendered":"http:\/\/dmyelektronik.com\/?page_id=279\/"},"modified":"2023-05-16T09:04:41","modified_gmt":"2023-05-16T06:04:41","slug":"davut-yurttas","status":"publish","type":"page","link":"https:\/\/dmyelektronik.com\/en\/board-of-directors\/davut-yurttas\/","title":{"rendered":"Davut Yurtta\u015f"},"content":{"rendered":"\n<style type=\"text\/css\" data-created_by=\"avia_inline_auto\" id=\"style-css-av-av_section-5565410eecba36067eccbf8475a3abf1\">\n.avia-section.av-av_section-5565410eecba36067eccbf8475a3abf1{\nbackground-color:#fafafa;\nbackground-image:unset;\n}\n<\/style>\n<div id='av_section_1'  class='avia-section av-av_section-5565410eecba36067eccbf8475a3abf1 main_color avia-section-no-padding avia-no-border-styling  avia-builder-el-0  el_before_av_section  avia-builder-el-first  avia-bg-style-scroll container_wrap fullsize'  ><div class='container av-section-cont-open' ><main  role=\"main\" itemprop=\"mainContentOfPage\"  class='template-page content  av-content-full alpha units'><div class='post-entry post-entry-type-page post-entry-279'><div class='entry-content-wrapper clearfix'>\n<div class='flex_column_table av-av_one_half-c09ef1508807c10653ca1a190853b801 sc-av_one_half av-equal-height-column-flextable'>\n<style type=\"text\/css\" data-created_by=\"avia_inline_auto\" id=\"style-css-av-av_one_half-c09ef1508807c10653ca1a190853b801\">\n.flex_column.av-av_one_half-c09ef1508807c10653ca1a190853b801{\npadding:0px 0px 0px 0px;\n}\n<\/style>\n<div  class='flex_column av-av_one_half-c09ef1508807c10653ca1a190853b801 av_one_half  avia-builder-el-1  el_before_av_one_half  avia-builder-el-first  first flex_column_table_cell av-equal-height-column av-align-bottom av-zero-column-padding  '     ><p>\n<style type=\"text\/css\" data-created_by=\"avia_inline_auto\" id=\"style-css-av-av_heading-b6cea622ce2b311d281aa3a1234d6a39\">\n#top .av-special-heading.av-av_heading-b6cea622ce2b311d281aa3a1234d6a39{\nmargin:0px 0px 0px 0px;\npadding-bottom:10px;\nfont-size:60px;\n}\nbody .av-special-heading.av-av_heading-b6cea622ce2b311d281aa3a1234d6a39 .av-special-heading-tag .heading-char{\nfont-size:25px;\n}\n#top #wrap_all .av-special-heading.av-av_heading-b6cea622ce2b311d281aa3a1234d6a39 .av-special-heading-tag{\nfont-size:60px;\npadding:0px 0px 0px 0px;\n}\n.av-special-heading.av-av_heading-b6cea622ce2b311d281aa3a1234d6a39 .av-subheading{\nfont-size:22px;\n}\n\n@media only screen and (min-width: 480px) and (max-width: 767px){ \n#top #wrap_all .av-special-heading.av-av_heading-b6cea622ce2b311d281aa3a1234d6a39 .av-special-heading-tag{\nfont-size:0.8em;\n}\n}\n\n@media only screen and (max-width: 479px){ \n#top #wrap_all .av-special-heading.av-av_heading-b6cea622ce2b311d281aa3a1234d6a39 .av-special-heading-tag{\nfont-size:0.8em;\n}\n}\n<\/style>\n<div  class='av-special-heading av-av_heading-b6cea622ce2b311d281aa3a1234d6a39 av-special-heading-h1 blockquote modern-quote  avia-builder-el-2  el_before_av_heading  avia-builder-el-first  av-thin-font av-inherit-size'><h1 class='av-special-heading-tag '  itemprop=\"headline\"  ><strong>Davut Yurtta\u015f<\/strong><\/h1><div class=\"special-heading-border\"><div class=\"special-heading-inner-border\"><\/div><\/div><\/div><br \/>\n\n<style type=\"text\/css\" data-created_by=\"avia_inline_auto\" id=\"style-css-av-lhpvcud9-bd12d08f4219e7ab48d9f048c212a99b\">\n#top .av-special-heading.av-lhpvcud9-bd12d08f4219e7ab48d9f048c212a99b{\nmargin:0px 0px 0px 0px;\npadding-bottom:10px;\nfont-size:22px;\n}\nbody .av-special-heading.av-lhpvcud9-bd12d08f4219e7ab48d9f048c212a99b .av-special-heading-tag .heading-char{\nfont-size:25px;\n}\n#top #wrap_all .av-special-heading.av-lhpvcud9-bd12d08f4219e7ab48d9f048c212a99b .av-special-heading-tag{\nfont-size:22px;\npadding:0px 0px 0px 0px;\n}\n.av-special-heading.av-lhpvcud9-bd12d08f4219e7ab48d9f048c212a99b .av-subheading{\nfont-size:15px;\n}\n\n@media only screen and (min-width: 480px) and (max-width: 767px){ \n#top #wrap_all .av-special-heading.av-lhpvcud9-bd12d08f4219e7ab48d9f048c212a99b .av-special-heading-tag{\nfont-size:0.8em;\n}\n}\n\n@media only screen and (max-width: 479px){ \n#top #wrap_all .av-special-heading.av-lhpvcud9-bd12d08f4219e7ab48d9f048c212a99b .av-special-heading-tag{\nfont-size:0.8em;\n}\n}\n<\/style>\n<div  class='av-special-heading av-lhpvcud9-bd12d08f4219e7ab48d9f048c212a99b av-special-heading-h2 blockquote modern-quote  avia-builder-el-3  el_after_av_heading  el_before_av_hr  line-height-15 av-inherit-size'><h2 class='av-special-heading-tag '  itemprop=\"headline\"  >Davut Yurtta\u015f is the Chairman of Board of Directors of DMY Electronic Investments.<\/h2><div class=\"special-heading-border\"><div class=\"special-heading-inner-border\"><\/div><\/div><\/div><br \/>\n\n<style type=\"text\/css\" data-created_by=\"avia_inline_auto\" id=\"style-css-av-av_hr-3a876428eececa9d35452247ddb053af\">\n#top .hr.hr-invisible.av-av_hr-3a876428eececa9d35452247ddb053af{\nheight:50px;\n}\n<\/style>\n<div  class='hr av-av_hr-3a876428eececa9d35452247ddb053af hr-invisible  avia-builder-el-4  el_after_av_heading  avia-builder-el-last '><span class='hr-inner '><span class=\"hr-inner-style\"><\/span><\/span><\/div><\/p><\/div><div class='av-flex-placeholder'><\/div><div  class='flex_column av-av_one_half-f1c518e9ff58e869f80c8f093487abc9 av_one_half  avia-builder-el-5  el_after_av_one_half  avia-builder-el-last  flex_column_table_cell av-equal-height-column av-align-bottom  '     ><style type=\"text\/css\" data-created_by=\"avia_inline_auto\" id=\"style-css-av-av_image-c30104f6e430d6d6d0dd1ccdf6743a87\">\n.avia-image-container.av-av_image-c30104f6e430d6d6d0dd1ccdf6743a87 img.avia_image{\nbox-shadow:none;\n}\n.avia-image-container.av-av_image-c30104f6e430d6d6d0dd1ccdf6743a87 .av-image-caption-overlay-center{\ncolor:#ffffff;\n}\n<\/style>\n<div  class='avia-image-container av-av_image-c30104f6e430d6d6d0dd1ccdf6743a87 av-styling- avia-align-center  avia-builder-el-6  avia-builder-el-no-sibling '   itemprop=\"image\" itemscope=\"itemscope\" itemtype=\"https:\/\/schema.org\/ImageObject\" ><div class=\"avia-image-container-inner\"><div class=\"avia-image-overlay-wrap\"><img decoding=\"async\" fetchpriority=\"high\" class='wp-image-1700 avia-img-lazy-loading-not-1700 avia_image ' src=\"https:\/\/dmyelektronik.com\/wp-content\/uploads\/2023\/02\/davut-yurttas-headshot.png\" alt='DMY Uluslararas\u0131 Yat\u0131r\u0131m Y\u00f6netim Kurulu Ba\u015fkan\u0131 Davut Yurtta\u015f' title='davut-yurttas-headshot'  height=\"1080\" width=\"1080\"  itemprop=\"thumbnailUrl\" srcset=\"https:\/\/dmyelektronik.com\/wp-content\/uploads\/2023\/02\/davut-yurttas-headshot.png 1080w, https:\/\/dmyelektronik.com\/wp-content\/uploads\/2023\/02\/davut-yurttas-headshot-300x300.png 300w, https:\/\/dmyelektronik.com\/wp-content\/uploads\/2023\/02\/davut-yurttas-headshot-1030x1030.png 1030w, https:\/\/dmyelektronik.com\/wp-content\/uploads\/2023\/02\/davut-yurttas-headshot-80x80.png 80w, https:\/\/dmyelektronik.com\/wp-content\/uploads\/2023\/02\/davut-yurttas-headshot-768x768.png 768w, https:\/\/dmyelektronik.com\/wp-content\/uploads\/2023\/02\/davut-yurttas-headshot-36x36.png 36w, https:\/\/dmyelektronik.com\/wp-content\/uploads\/2023\/02\/davut-yurttas-headshot-180x180.png 180w, https:\/\/dmyelektronik.com\/wp-content\/uploads\/2023\/02\/davut-yurttas-headshot-705x705.png 705w\" sizes=\"(max-width: 1080px) 100vw, 1080px\" \/><\/div><\/div><\/div><\/div><\/div><!--close column table wrapper. Autoclose: 1 --><\/div><\/div><\/main><!-- close content main element --><\/div><\/div><div id='av_section_2'  class='avia-section av-av_section-f716ba51e7bf82947c918c6ed882cb73 main_color avia-section-default avia-no-border-styling  avia-builder-el-7  el_after_av_section  avia-builder-el-last  avia-bg-style-scroll container_wrap fullsize'  ><div class='container av-section-cont-open' ><div class='template-page content  av-content-full alpha units'><div class='post-entry post-entry-type-page post-entry-279'><div class='entry-content-wrapper clearfix'>\n\n<style type=\"text\/css\" data-created_by=\"avia_inline_auto\" id=\"style-css-av-av_one_full-28c68d98bc978d09350484e7b280967a\">\n.flex_column.av-av_one_full-28c68d98bc978d09350484e7b280967a{\nborder-radius:0px 0px 0px 0px;\npadding:0px 0px 0px 0px;\n}\n<\/style>\n<div  class='flex_column av-av_one_full-28c68d98bc978d09350484e7b280967a av_one_full  avia-builder-el-8  avia-builder-el-no-sibling  first flex_column_div av-animated-generic right-to-left av-zero-column-padding  '     ><style type=\"text\/css\" data-created_by=\"avia_inline_auto\" id=\"style-css-av-lhpvd1bh-93da75b3c2999f2a20cc4ee57ef7eeb7\">\n#top .av_textblock_section.av-lhpvd1bh-93da75b3c2999f2a20cc4ee57ef7eeb7 .avia_textblock{\nfont-size:18px;\n}\n<\/style>\n<section  class='av_textblock_section av-lhpvd1bh-93da75b3c2999f2a20cc4ee57ef7eeb7 '   itemscope=\"itemscope\" itemtype=\"https:\/\/schema.org\/CreativeWork\" ><div class='avia_textblock'  itemprop=\"text\" ><p><span style=\"font-weight: 400;\">He was born in Samsun in 1953.<\/span><\/p>\n<p><span style=\"font-weight: 400;\">He studied at Samsun Bozkurt and 30 August Primary Schools, Samsun Devrim and Istanbul Ye\u015filk\u00f6y Secondary Schools, Pertevniyal High School and Karadeniz Technical University.<\/span><\/p>\n<p><span style=\"font-weight: 400;\">Electronics and Communications Engineer, KTU (Black Sea Technical University), 1975<\/span><\/p>\n<p><span style=\"font-weight: 400;\">He is married and has three kids, two of them are girls.<\/span><\/p>\n<p><span style=\"font-weight: 400;\">He continues to manage \u00d6zdisan A.\u015e. and DMY Electronic Investments, a group of companies with investments in various sectors such as power electronics, automation, energy \/ renewable energy, maritime, telecommunications \/ technology, electricity, lighting, tourism \/ construction and pharmaceuticals.<\/span><\/p>\n<\/div><\/section><\/div><\/p>\n","protected":false},"excerpt":{"rendered":"","protected":false},"author":1,"featured_media":68,"parent":281,"menu_order":0,"comment_status":"closed","ping_status":"closed","template":"","meta":{"footnotes":""},"class_list":["post-279","page","type-page","status-publish","has-post-thumbnail","hentry"],"_links":{"self":[{"href":"https:\/\/dmyelektronik.com\/en\/wp-json\/wp\/v2\/pages\/279"}],"collection":[{"href":"https:\/\/dmyelektronik.com\/en\/wp-json\/wp\/v2\/pages"}],"about":[{"href":"https:\/\/dmyelektronik.com\/en\/wp-json\/wp\/v2\/types\/page"}],"author":[{"embeddable":true,"href":"https:\/\/dmyelektronik.com\/en\/wp-json\/wp\/v2\/users\/1"}],"replies":[{"embeddable":true,"href":"https:\/\/dmyelektronik.com\/en\/wp-json\/wp\/v2\/comments?post=279"}],"version-history":[{"count":3,"href":"https:\/\/dmyelektronik.com\/en\/wp-json\/wp\/v2\/pages\/279\/revisions"}],"predecessor-version":[{"id":1893,"href":"https:\/\/dmyelektronik.com\/en\/wp-json\/wp\/v2\/pages\/279\/revisions\/1893"}],"up":[{"embeddable":true,"href":"https:\/\/dmyelektronik.com\/en\/wp-json\/wp\/v2\/pages\/281"}],"wp:featuredmedia":[{"embeddable":true,"href":"https:\/\/dmyelektronik.com\/en\/wp-json\/wp\/v2\/media\/68"}],"wp:attachment":[{"href":"https:\/\/dmyelektronik.com\/en\/wp-json\/wp\/v2\/media?parent=279"}],"curies":[{"name":"wp","href":"https:\/\/api.w.org\/{rel}","templated":true}]}}